{"id":217,"date":"2022-10-10T07:38:16","date_gmt":"2022-10-10T07:38:16","guid":{"rendered":"https:\/\/salaovi.net\/horses\/?page_id=71"},"modified":"2025-03-30T17:15:37","modified_gmt":"2025-03-30T17:15:37","slug":"caz","status":"publish","type":"page","link":"https:\/\/salaovi.net\/horses\/hevoset\/caz\/","title":{"rendered":"Caz"},"content":{"rendered":"\n\n\n\n\n\n\n\n\n<h2>Caz<\/h2>\n\n\n<p style=\"text-align: center; color: rgb(187, 187, 187);\">virtuaalihevonen<\/p>\n<h4>&#8221;caz&#8221;<\/h4>\n<p style=\"text-align: center;\">\ns. 22.06.2018<br>\nlatvialainen puoliverinen<br>ruuna<br>\n156cm, rautias<\/p>\n\n\n\n\n\n\n\n\n\n\n\n<p>Caz on energinen ja yritteli\u00e4s ruuna, jonka kanssa ei tyls\u00e4\u00e4 p\u00e4iv\u00e4\u00e4 tule. Omimmillaan ruuna on vauhtia vaativissa lajeissa ja maastossa, kun taas esimerkiksi perus kouluratsastuskiemuroiden treenaaminen k\u00e4y ruunan mielest\u00e4 helposti liian tyls\u00e4ksi. Ratsastajalta Caz vaatii johdonmukaisuutta, hyv\u00e4\u00e4 keskittymiskyky\u00e4 ja sopivasti rohkeutta, sill\u00e4 ruuna osaa l\u00e4hte\u00e4 sooloilemaan varsinkin ,jos vaikuttaa silt\u00e4, ettei ratsastaja ole aivan tilanteen tasalla. Hoidettaessa Caz rakastaa rapsutuksia ja huomiota, mutta testailee my\u00f6s varsinkin uusien tuttavuuksien kanssa rajojaan.&nbsp;<\/p>\n<p><br><\/p>\n\n\n<p style=\"text-align: center;\">VH-???<br>\n<strong>Omistaja:<\/strong>&nbsp; Kati Kettunen (VRL-12757)<br>\n<strong>\nKasvattaja:<\/strong> Juris Antanas, Klaip\u00e9da (evm)<br><b>Maahantuoja: Jannica<\/b><\/p>\n\n\n\n<p style=\"text-align: center;\">Caz on harrastek\u00e4yt\u00f6ss\u00e4<\/p>\n\n\n\n<p style=\"text-align: center;\">Cazin p\u00e4iv\u00e4kirja (tulossa)<\/p>\n\n\n\n<p style=\"text-align: center;\"><em>Ei viel\u00e4 palkintoja<\/em><\/p>\n\n\n\n\n\n\n\n\n\n\n\n\n<h3>SUkU<\/h3>\n<p><span style=\"color: rgb(51, 51, 51); font-family: -apple-system, &quot;system-ui&quot;, &quot;Segoe UI&quot;, &quot;Helvetica Neue&quot;, Helvetica, Arial, sans-serif, &quot;Apple Color Emoji&quot;, &quot;Segoe UI Emoji&quot;, &quot;Segoe UI Symbol&quot;; background-color: rgb(255, 255, 255);\">i. Capitano<\/span><br style=\"color: rgb(51, 51, 51); font-family: -apple-system, &quot;system-ui&quot;, &quot;Segoe UI&quot;, &quot;Helvetica Neue&quot;, Helvetica, Arial, sans-serif, &quot;Apple Color Emoji&quot;, &quot;Segoe UI Emoji&quot;, &quot;Segoe UI Symbol&quot;; background-color: rgb(255, 255, 255);\"><span style=\"color: rgb(51, 51, 51); font-family: -apple-system, &quot;system-ui&quot;, &quot;Segoe UI&quot;, &quot;Helvetica Neue&quot;, Helvetica, Arial, sans-serif, &quot;Apple Color Emoji&quot;, &quot;Segoe UI Emoji&quot;, &quot;Segoe UI Symbol&quot;; background-color: rgb(255, 255, 255);\">ii. Capitol<\/span><br style=\"color: rgb(51, 51, 51); font-family: -apple-system, &quot;system-ui&quot;, &quot;Segoe UI&quot;, &quot;Helvetica Neue&quot;, Helvetica, Arial, sans-serif, &quot;Apple Color Emoji&quot;, &quot;Segoe UI Emoji&quot;, &quot;Segoe UI Symbol&quot;; background-color: rgb(255, 255, 255);\"><span style=\"color: rgb(51, 51, 51); font-family: -apple-system, &quot;system-ui&quot;, &quot;Segoe UI&quot;, &quot;Helvetica Neue&quot;, Helvetica, Arial, sans-serif, &quot;Apple Color Emoji&quot;, &quot;Segoe UI Emoji&quot;, &quot;Segoe UI Symbol&quot;; background-color: rgb(255, 255, 255);\">ie. Volhova<\/span><\/p>\n<p><span style=\"color: rgb(51, 51, 51); font-family: -apple-system, &quot;system-ui&quot;, &quot;Segoe UI&quot;, &quot;Helvetica Neue&quot;, Helvetica, Arial, sans-serif, &quot;Apple Color Emoji&quot;, &quot;Segoe UI Emoji&quot;, &quot;Segoe UI Symbol&quot;; background-color: rgb(255, 255, 255);\"><\/span><br style=\"color: rgb(51, 51, 51); font-family: -apple-system, &quot;system-ui&quot;, &quot;Segoe UI&quot;, &quot;Helvetica Neue&quot;, Helvetica, Arial, sans-serif, &quot;Apple Color Emoji&quot;, &quot;Segoe UI Emoji&quot;, &quot;Segoe UI Symbol&quot;; background-color: rgb(255, 255, 255);\"><span style=\"color: rgb(51, 51, 51); font-family: -apple-system, &quot;system-ui&quot;, &quot;Segoe UI&quot;, &quot;Helvetica Neue&quot;, Helvetica, Arial, sans-serif, &quot;Apple Color Emoji&quot;, &quot;Segoe UI Emoji&quot;, &quot;Segoe UI Symbol&quot;; background-color: rgb(255, 255, 255);\">e. Zira<\/span><br style=\"color: rgb(51, 51, 51); font-family: -apple-system, &quot;system-ui&quot;, &quot;Segoe UI&quot;, &quot;Helvetica Neue&quot;, Helvetica, Arial, sans-serif, &quot;Apple Color Emoji&quot;, &quot;Segoe UI Emoji&quot;, &quot;Segoe UI Symbol&quot;; background-color: rgb(255, 255, 255);\"><span style=\"color: rgb(51, 51, 51); font-family: -apple-system, &quot;system-ui&quot;, &quot;Segoe UI&quot;, &quot;Helvetica Neue&quot;, Helvetica, Arial, sans-serif, &quot;Apple Color Emoji&quot;, &quot;Segoe UI Emoji&quot;, &quot;Segoe UI Symbol&quot;; background-color: rgb(255, 255, 255);\">ei. Caletto<\/span><br style=\"color: rgb(51, 51, 51); font-family: -apple-system, &quot;system-ui&quot;, &quot;Segoe UI&quot;, &quot;Helvetica Neue&quot;, Helvetica, Arial, sans-serif, &quot;Apple Color Emoji&quot;, &quot;Segoe UI Emoji&quot;, &quot;Segoe UI Symbol&quot;; background-color: rgb(255, 255, 255);\"><span style=\"color: rgb(51, 51, 51); font-family: -apple-system, &quot;system-ui&quot;, &quot;Segoe UI&quot;, &quot;Helvetica Neue&quot;, Helvetica, Arial, sans-serif, &quot;Apple Color Emoji&quot;, &quot;Segoe UI Emoji&quot;, &quot;Segoe UI Symbol&quot;; background-color: rgb(255, 255, 255);\">ee. Chiara<\/span><br><\/p>\n\n\n\n\n\n\n\n\n\n<h3>Kilpailut ja tapahtumat<\/h3>\n<p>\n23.-25.8.2024 <a href=\"https:\/\/seppele.proboards.com\/thread\/3682\/seppele-cup-2024-kes-osakilpailu\">Seppele-Cup kes\u00e4 2024<\/a> &#8211; kouluratsastus &#8211; Helppo A &#8211; 8\/30 65.343 % (ratsastaja Kerkko Kuparinen)<br \/>\n23.-25.8.2024 <a href=\"https:\/\/seppele.proboards.com\/thread\/3682\/seppele-cup-2024-kes-osakilpailu\">Seppele-Cup kes\u00e4 2024<\/a> &#8211; esteratsastus &#8211; 120cm &#8211; 8\/30 4vp. (ratsastaja Kerkko Kuparinen)<br \/>\n6.-8.9.2024 <a href=\"https:\/\/www.kristallijumala.net\/solgarden\/kisat\/avajaiskisat.php\">S\u00e5lgarden Slott<\/a> &#8211; kentt\u00e4ratsastus &#8211; CIC1 &#8211; 26\/36 (ratsastaja Kerkko Kuparinen)<\/p>\n\n\nCaz on harrasteratsu, jonka kanssa tarkoitus on osallistua rennosti erilaisiin tapahtumiin ja pieniin kilpailuihin.&nbsp;\n\n\n<h6 style=\"color: rgb(0, 0, 0);\">Koulutustaso<\/h6>\n\nKouluratsastus: Helppo A\nEsteratsastus: 120cm\nKentt\u00e4ratsastus: CIC2\n\n\n\n\n\n\n\n<h3>Kuvagalleria<\/h3>\n\n\n\n\n\n\n\n\n\n<h3>P\u00e4iv\u00e4kirja<\/h3>\n\n\n\n\n\n\n\n\nKati ja Caz osallistuivat <a href=\"https:\/\/usvan.altervista.org\/m\/k\/avajaiskisat.html\">M\u00e5ngata G\u00e5rdin<\/a> avajaiskilpailuiden kouluklinikkkaan tasolla Helppo A. <br \/>\n<i>Valmentaja Ingrid Brahe, kirjoittanut Hazefield, 193 sana<\/i><br \/><br \/>\n\nKatin ja Cazin ensimm\u00e4inen teht\u00e4v\u00e4 oli lis\u00e4tyt askellajit. Alkuun Ingrid pyysi ratsukkoa esitt\u00e4m\u00e4\u00e4n lis\u00e4tty\u00e4 k\u00e4ynti\u00e4, joka meni hyvin. Parin p\u00e4tk\u00e4n j\u00e4lkeen oi ravin vuoro. Ravissa Caz l\u00e4hti ensin hieman kaahottamaan, mutta kuunteli kyll\u00e4 ratsastajansa pid\u00e4tteit\u00e4. Ingrid ohjeisti Katia tekem\u00e4\u00e4n puolipid\u00e4tteit\u00e4 hyviss\u00e4 ajoin, jotta ruuna nimenomaan pident\u00e4isi askelta, eik\u00e4 juoksisi tuhatta ja sataa. Puolipid\u00e4tteet tuottivatkin tulosta ja Caz esitti p\u00e4tkitt\u00e4in todella n\u00e4ytt\u00e4v\u00e4\u00e4 lis\u00e4tty\u00e4 ravia. Laukassakin ruuna l\u00e4hti ensin hieman juoksemaan. Kati joutui pid\u00e4ttelem\u00e4\u00e4n verrattain r\u00e4j\u00e4hdysherk\u00e4n n\u00e4k\u00f6ist\u00e4 ratsuaan aavistuksen enemm\u00e4n.\nP\u00e4iv\u00e4n toisena teht\u00e4v\u00e4n\u00e4 oli vastalaukka isolla ympyr\u00e4ll\u00e4 ja loivalla kiemurauralla. Caz yritti alkuun tarjota kovasti my\u00f6t\u00e4laukkaa, mutta nosti kuitenkin lopulta vastalaukan. Vastalaukka oli selke\u00e4sti ruunalle hieman haastava ja Caz meinasikin turhautua hieman. Niinp\u00e4 laukkap\u00e4tk\u00e4t pidettiin lyhyin\u00e4, jotta ratsukko saisi onnistumisia heille hieman haastavasta teht\u00e4v\u00e4st\u00e4. Loiva kiemuraura onnistui hyvin ja siihen oli hyv\u00e4 lopettaa.\n&#8221;T\u00e4n\u00e4\u00e4n oli selke\u00e4sti hieman virtaa Cazilla, mutta sait sen hienosti keskittym\u00e4\u00e4n. Lis\u00e4tyiss\u00e4 askellajeissa kannattaa keskitty\u00e4 nimenoman siihen, ett\u00e4 askel pitenee, vauhtia ei tarvi paljoa olla lis\u00e4\u00e4. Loppua kohden teilt\u00e4 tuli todella n\u00e4ytt\u00e4vi\u00e4 p\u00e4tki\u00e4! Vastalaukka oli selke\u00e4sti v\u00e4h\u00e4n hankala ja sit\u00e4 kannattaakin treenata ahkerasti ja pit\u00e4\u00e4 toistot alkuun lyhyin\u00e4. Sulla on hieno hevonen ja osaat ratsastaa sit\u00e4 hyvin. Mielell\u00e4ni n\u00e4kisin teit\u00e4 koulupuolella lis\u00e4\u00e4kin!&#8221;\n\n\n\n\n\n\n","protected":false},"excerpt":{"rendered":"","protected":false},"author":1,"featured_media":0,"parent":154,"menu_order":0,"comment_status":"closed","ping_status":"closed","template":"","meta":{"footnotes":""},"class_list":["post-217","page","type-page","status-publish","hentry"],"_links":{"self":[{"href":"https:\/\/salaovi.net\/horses\/wp-json\/wp\/v2\/pages\/217","targetHints":{"allow":["GET"]}}],"collection":[{"href":"https:\/\/salaovi.net\/horses\/wp-json\/wp\/v2\/pages"}],"about":[{"href":"https:\/\/salaovi.net\/horses\/wp-json\/wp\/v2\/types\/page"}],"author":[{"embeddable":true,"href":"https:\/\/salaovi.net\/horses\/wp-json\/wp\/v2\/users\/1"}],"replies":[{"embeddable":true,"href":"https:\/\/salaovi.net\/horses\/wp-json\/wp\/v2\/comments?post=217"}],"version-history":[{"count":11,"href":"https:\/\/salaovi.net\/horses\/wp-json\/wp\/v2\/pages\/217\/revisions"}],"predecessor-version":[{"id":264,"href":"https:\/\/salaovi.net\/horses\/wp-json\/wp\/v2\/pages\/217\/revisions\/264"}],"up":[{"embeddable":true,"href":"https:\/\/salaovi.net\/horses\/wp-json\/wp\/v2\/pages\/154"}],"wp:attachment":[{"href":"https:\/\/salaovi.net\/horses\/wp-json\/wp\/v2\/media?parent=217"}],"curies":[{"name":"wp","href":"https:\/\/api.w.org\/{rel}","templated":true}]}}