{"id":181,"date":"2022-09-24T17:32:46","date_gmt":"2022-09-24T17:32:46","guid":{"rendered":"https:\/\/salaovi.net\/horses\/?page_id=71"},"modified":"2024-08-13T12:14:08","modified_gmt":"2024-08-13T12:14:08","slug":"ew-let-me-burn-it-down","status":"publish","type":"page","link":"https:\/\/salaovi.net\/horses\/hevoset\/ew-let-me-burn-it-down\/","title":{"rendered":"EW Let me Burn it Down"},"content":{"rendered":"\n\n\n\n\n\n\n\n\n<h2>EW Let me Burn it Down<\/h2>\n<p\u00a0style=\"text-align: center;\"=\"\"><br>\n<\/p\u00a0style=\"text-align:>\n\n\n<p style=\"text-align: center; color: rgb(187, 187, 187);\">virtuaalihevonen<\/p>\n<h4>Bruno<\/h4>\n<p style=\"text-align: center;\">\ns. 14.11.2020<br>\ntilastohevonen<br>ruuna<br>\n183cm, vaaleanpunarautias kirjava<\/p>\n\n\n\n\n\n\n\n\n\n\n<p>Bruno on entinen sirkushevonen, joka v\u00e4l\u00e4yttelee temppuosaamistaan silloin, kun sille tuulelle sattuu. Sympaattisen j\u00e4tin historia on kuitenkin melko pimennossa, eik\u00e4 ole varmuutta, mik\u00e4 johti siihen, ett\u00e4 ruuna menetti luottamuksensa ihmisiin. Vaikka Blacklaken tallilla onkin tehty erinomaista ty\u00f6t\u00e4, jotta Brunon luottamus ihmisiin on saatu palautettua ja Brunosta on saatu mukava harrasteratsu, niin silti historian sattumukset saavat lempe\u00e4n j\u00e4ttil\u00e4isen joskus k\u00e4ytt\u00e4ytym\u00e4\u00e4n hieman arvaamattomasti.<\/p>\n<p><br><\/p>\n\n\n<p style=\"text-align: center;\"><a href=\"http:\/\/www.virtuaalihevoset.net\/virtuaalihevoset\/hevonen\/VH20-102-0045\">\nVH20-102-0045<\/a><br>\n<strong>Omistaja:<\/strong> Joel M\u00e4nnist\u00f6 (VRL-12757)<br>\n<strong>\nKasvattaja:<\/strong> VRL-14909 P\u00f6ppis<br>\n<strong>Entinen omistaja:<\/strong>  VRL-14859, Blacklaken talli<\/p>\n<p style=\"text-align: center;\">Asuu <a href=\"https:\/\/kristallijumala.net\/hopiavuori\/\">Hopiavuoren hevostallilla<\/a><\/p>\n\n\n\n<p style=\"text-align: center;\">Bruno on harrastek\u00e4yt\u00f6ss\u00e4<\/p>\n\n\n\n<p style=\"text-align: center;\"><a href=\"https:\/\/kimppatalli.palstani.com\/t19-brunon-paivakirja\">Brunon&nbsp;p\u00e4iv\u00e4kirja<\/a><\/p>\n\n\n\n<p style=\"text-align: center;\"><em>Ei viel\u00e4 palkintoja<\/em><\/p>\n\n\n\n\n\n\n\n\n\n\n\n\n<h3>SUkU<\/h3>\n<p>Brunon suku on tuntematon, mutta sen suuren koon ja historian perusteella voisi olettaa, ett\u00e4 sen taustalta l\u00f6ytyy niin sirkushevosia kuin ty\u00f6hevosiakin. <\/p>\n<p>Todenn\u00e4k\u00f6isesti Brunon suvusta ei koskaan selvi\u00e4 t\u00e4m\u00e4n tarkempia tietoja.&nbsp;<\/p>\n\n\n\n\n\n\n\n\n\n<h3>Kilpailut ja tapahtumat<\/h3>\n\n\nBruno on harrasteratsu, jonka kanssa tarkoitus on osallistua rennosti erilaisiin tapahtumiin ja pieniin kilpailuihin.&nbsp;\n\n\n<h6 style=\"color: rgb(0, 0, 0);\">Koulutustaso<\/h6>\n\nKouluratsastus: Helppo B\nEsteratsastus: 60cm\nValjakkoajo: noviisi\n\n\n\n\n\n\n\n<h3>Kuvagalleria<\/h3>\n\n\n\n\n\n\n\n\n\n\n\n\n\n\n\n\n\n\n\n\n\n\n\n\n\n\n\n\n\n\n\n\n","protected":false},"excerpt":{"rendered":"","protected":false},"author":1,"featured_media":0,"parent":154,"menu_order":0,"comment_status":"closed","ping_status":"closed","template":"","meta":{"footnotes":""},"class_list":["post-181","page","type-page","status-publish","hentry"],"_links":{"self":[{"href":"https:\/\/salaovi.net\/horses\/wp-json\/wp\/v2\/pages\/181","targetHints":{"allow":["GET"]}}],"collection":[{"href":"https:\/\/salaovi.net\/horses\/wp-json\/wp\/v2\/pages"}],"about":[{"href":"https:\/\/salaovi.net\/horses\/wp-json\/wp\/v2\/types\/page"}],"author":[{"embeddable":true,"href":"https:\/\/salaovi.net\/horses\/wp-json\/wp\/v2\/users\/1"}],"replies":[{"embeddable":true,"href":"https:\/\/salaovi.net\/horses\/wp-json\/wp\/v2\/comments?post=181"}],"version-history":[{"count":20,"href":"https:\/\/salaovi.net\/horses\/wp-json\/wp\/v2\/pages\/181\/revisions"}],"predecessor-version":[{"id":244,"href":"https:\/\/salaovi.net\/horses\/wp-json\/wp\/v2\/pages\/181\/revisions\/244"}],"up":[{"embeddable":true,"href":"https:\/\/salaovi.net\/horses\/wp-json\/wp\/v2\/pages\/154"}],"wp:attachment":[{"href":"https:\/\/salaovi.net\/horses\/wp-json\/wp\/v2\/media?parent=181"}],"curies":[{"name":"wp","href":"https:\/\/api.w.org\/{rel}","templated":true}]}}