{"id":163,"date":"2022-09-24T16:44:01","date_gmt":"2022-09-24T16:44:01","guid":{"rendered":"https:\/\/salaovi.net\/horses\/?page_id=71"},"modified":"2025-03-30T17:34:25","modified_gmt":"2025-03-30T17:34:25","slug":"edina","status":"publish","type":"page","link":"https:\/\/salaovi.net\/horses\/hevoset\/edina\/","title":{"rendered":"Py\u00f6kin Edina"},"content":{"rendered":"\n\n\n\n\n\n\n\n\n\n<h2>Py\u00f6kin Edina<\/h2>\n<p style=\"text-align: center; color: rgb(187, 187, 187);\">virtuaalihevonen<\/p>\n<h4>Edina<\/h4>\n<p style=\"text-align: center;\">\ns. 25.06.2022, 3-vuotias<br>\nsuomalainen puoliverinen<br>tamma<br>\n168cm, ruunivoikko<\/p>\n\n\n\n\n\n\n<p\u00a0style=\"text-align: center;\"=\"\"><br>\n<\/p\u00a0style=\"text-align:>\n\n\n\n\n\n\n<p>Edina on melko herkk\u00e4 ja varovainen varsa, joka suhtautuu uusiin asioihin hyvin ep\u00e4luuloisesti. Se tarvitsee paljon aikaa, hermoja ja kannustusta opetellessaan uusia asioita. Edinan kanssa ei voikaan olettaa eteneev\u00e4ns\u00e4 harppauksin, vaan pienin varovaisin askelin joskus eteenp\u00e4in ja joskus taas taaksep\u00e4in. Kun ihmiset ja rutiinit tulevat Edinalle tutuksi, saa tammavarsa siit\u00e4 jo heti v\u00e4h\u00e4n lis\u00e4\u00e4 varmuutta.<\/p>\n<p>Kasvattajan mukaan Edinalla on eniten lupausta kouluratsuksi, mutta aika n\u00e4ytt\u00e4\u00e4 millainen kilparatsu tammasta tulee.&nbsp;<\/p>\n\n\n<p style=\"text-align: center;\"><a href=\"https:\/\/virtuaalihevoset.net\/virtuaalihevoset\/hevonen\/VH24-031-0310\">\nVH24-031-0310<\/a><\/p>\n<p style=\"text-align: center;\"><a href=\"https:\/\/piirroshevosille.fi\/hevoset\/hevonen\/PKK5060\">#PKK-5060<\/a><\/p>\n<p style=\"text-align: center;\"><\/p><p style=\"text-align: center;\"><\/p><p style=\"text-align: center;\"><strong>Omistaja:<\/strong> Henna Havum\u00e4ki (VRL-12757)<\/p><p style=\"text-align: center;\"><strong>\nKasvattaja:<\/strong> Veera R., <a href=\"https:\/\/veera.sumuvuorten.net\/pyokki\/\">Py\u00f6kkipolku<\/a>&nbsp;(FI)<p><\/p><\/p>\n\n\n\n<p style=\"text-align: center;\">Edinan ratsukoulutus alkaa 3-vuotiaana<\/p>\n\n\n\n<p style=\"text-align: center;\"><em>Ei viel\u00e4 p\u00e4iv\u00e4kirjaa<\/em><\/p>\n\n\n\n<p style=\"text-align: center;\"><em>Ei viel\u00e4 palkintoja<\/em><\/p>\n\n\n\n\n\n\n\n\n\n\n\n\n\n\n\n\n\n<h3>SUkU<\/h3>\n\n\n<p>i. <a href=\"https:\/\/varjoton.net\/kuristaja\/delmenhorst\/hevoset\/ares.htm\">Hestia Ares<\/a><\/p>\n\n\n<p>ii. <a href=\"http:\/\/web.archive.org\/web\/20160921110601\/http:\/\/levian.weebly.com\/bloody-adrian.html\">Bloody Adrian<\/a><\/p>\n<p>ie. <a href=\"https:\/\/virtuaalie.webs.com\/heide\/tessa\/\">ML Careless<\/a><br \/>\n<span style=\"font-size:x-small;\">PP-MVA KRJ-II, YLA2<\/span><\/p>\n\n\n<p>iii.&nbsp; <a href=\"http:\/\/web.archive.org\/web\/20150527122636\/http:\/\/high-hopes.ws\/trzebielino\/albatross_rox.php\">Albatross Rox<\/a><br \/>\n<span style=\"font-size:x-small;\">VIR MVA Ch, KRJ-II<\/span><\/p>\n<p>iie. <a href=\"http:\/\/web.archive.org\/web\/20150219104144\/http:\/\/miagolare.net\/bloodties.htm\">Dark Blood Ties<\/a><br \/>\n<span style=\"font-size:x-small;\">KTK-II, KRJ-II, YLA2<\/span><\/p>\n<p>iei.&nbsp;<a href=\"https:\/\/web.archive.org\/web\/20150407130720\/http:\/\/kauhumieli.net\/hevosia\/fwb\/cacklestump.php\">Cacklestump Vegas<\/a><br \/>\n<span style=\"font-size:x-small;\">VIP MVA Fn, KTK-I, KRJ-II<\/span><\/p>\n<p>iee. <a href=\"https:\/\/web.archive.org\/web\/20150407130807\/http:\/\/chao.nennan.net\/ml-carissa.php\">ML Carissa<\/a><br \/>\n<span style=\"font-size:x-small;\">(PP-MVA)<\/span><\/p>\n\n\n\n\n<p>e. <a href=\"https:\/\/kellolehto.net\/veera\/hera.php\">Eureka von Lark<\/a><br \/>\n<span style=\"font-size: x-small;\">FF, Ch<\/span><\/p>\n\n\n<p style=\"text-align: left;\">ei.&nbsp;<a href=\"http:\/\/alondra.altervista.org\/hevoset\/aatu.html\">Paragon<\/a> <br \/>\n<span style=\"font-size: x-small;\">KTK-III<\/span><\/p>\n<p>ee. <a href=\"http:\/\/alondra.altervista.org\/hevoset\/elba.html\">Verso Elba<\/a><br>\n<span style=\"font-size:x-small;\">KV-II<\/span><\/p>\n\n\n<p>eii.&nbsp;<a href=\"http:\/\/alondra.altervista.org\/hevoset\/purplediamont.html\">Purple Diamont<\/a><br \/>\n<span style=\"font-size:x-small;\">KV-II, KRJ-III<\/span><\/p>\n<p>eie. <a href=\"http:\/\/alondra.altervista.org\/hevoset\/rulla.html\"> Oldfinion Bellary <\/a>&nbsp;<br \/>\n<span style=\"font-size:x-small;\">KTK-III, VSN Ch, KRJ-II, KV-II<\/span><\/p>\n<p>eei. <a href=\"http:\/\/alondra.altervista.org\/hevoset\/rondon.html\">Rond\u00f3n von Lark<\/a><br \/><span style=\"font-size:x-small;\">KTK-II<\/span><\/p>\n<p>eee. <a href=\"http:\/\/cocolove.altervista.org\/wb\/eisblick.php\">Brokeback Eisblick<\/a><br \/><\/p><span style=\"font-size:x-small;\"> KV-II, Superior Grade, 2 Star Prospect <\/span>\n\n\n<b>MUUT PALKITUT SUKULAISET<\/b>\n<br ><br>\n\niiiii. <a href=\"https:\/\/web.archive.org\/web\/20090704102905\/http:\/\/muistokuja.net\/ciar\/h\/poro.php\">Marlboro<\/a> (VIR MVA Ch, KRJ-II, YLA2)<br \/>\niieei. <a href=\"https:\/\/web.archive.org\/web\/20161207063703\/http:\/\/freewebs.com\/silindistan\/Zane.html\/\">Nazg\u00fbl<\/a> (VIR MVA Ch, KRJ-I, KTK-III)<br \/>\nieiii. <a href=\"https:\/\/web.archive.org\/web\/20140319183748\/http:\/\/muistokuja.net\/ciar\/h\/shaggy.php\">Shanghai<\/a> (VIR MVA Ch, KRJ-I, YLA2)<br \/>\nieiie. <a href=\"https:\/\/web.archive.org\/web\/20090704104307\/http:\/\/muistokuja.net\/ciar\/h\/panda.php\">Phantome<\/a> (VIR MVA CH, KRJ-II, YLA2)<br \/>\nieiei. <a href=\"https:\/\/www.oocities.org\/vista_ridge2001\/domiro.htm\">Domiro<\/a> (VIR MVA Ch, KTK-II, YLA2, ERJ-II, KTK-I, HJL-II, VJA-A)<br \/>\nieei. <a href=\"http:\/\/web.archive.org\/web\/20180211175441\/http:\/\/vviivuska2010.webs.com\/nicotinecall.html\">Nicotinecall PB<\/a> (YLA2, KRJ-I, KRL-II, vTOK***)<br \/>\nieeii. <a href=\"http:\/\/web.archive.org\/web\/20161204053728\/http:\/\/freewebs.com\/silindistan\/Craven.html\/\">Craven GER<\/a> (KRJ-I, YLA2)<br \/>\nieeie. <a href=\"http:\/\/web.archive.org\/web\/20161207124953\/http:\/\/freewebs.com\/silindistan\/Sunny.html\/\">Before The Bleeding Sun<\/a> (KRJ-II, YLA2)<br \/>\nieee. <a href=\"https:\/\/www.teepa.net\/melseren\/Asukit\/S\/indi.html\">Indidendent Fullmoon FB\n<\/a> (KRJ-I, YLA3)<br \/>\nieeei. <a href=\"https:\/\/www.virtuaalihevoset.net\/virtuaalihevoset\/hevonen\/VH04-021-1370\">Bohemian Rhapsody<\/a> (KRJ-II, YLA3)<br \/>\nieeeei. <a href=\"https:\/\/virtuaalihevoset.net\/virtuaalihevoset\/hevonen\/VH03-021-5498\">The Glassboy<\/a> (KRJ-III, YLA2)<br \/>\neiii. <a href=\"https:\/\/www.salaovi.net\/hukkapuro\/piratanz\">Piratanz<\/a> (KRJ-II)<br \/>\neiiie. <a href=\"http:\/\/alondra.altervista.org\/hevoset\/donna.html\">Diamantanz<\/a> (KRJ-II)<br \/>\neiiee. <a href=\"https:\/\/web.archive.org\/web\/20091027152319\/http:\/\/geocities.com\/stonegarden08\/hevoset\/cady\">Love Is Colder Than Death<\/a> (VIR MVA Ch, KRJ-II, YLA3)<br \/>\neiei. <a href=\"https:\/\/web.archive.org\/web\/20160828083902\/http:\/\/www.joeles.net\/jwb\/h\/oldfinion_boston_beat.html\">Oldfinion Boston Beat<\/a> (KTK-II, KV-II)<br \/>\neieii. <a href=\"https:\/\/web.archive.org\/web\/20210706193700\/https:\/\/yersinio.webs.com\/oldfinion\/h\/boseirre.htm\">Boseirre<\/a> (VIR MVA Ch, KTK-II, KRJ-I, YLA2, KVJ AB)<br \/>\neieie. <a href=\"http:\/\/varjoton.net\/devilsfair\/tammat\/deafbeat.html\">Deaf Beat<\/a> (KTK-III, KRJ-I)<br \/>\neiee. <a href=\"https:\/\/web.archive.org\/web\/20211218132925\/https:\/\/yersinio.webs.com\/oldfinion\/h\/mallory.htm\">Oldfinion Mallory<\/a> (VIR MVA Ch, VSN Ch, KTK-III, KRJ-II, KV-II, YLA2, KVJ A)<br \/>\neieei. <a href=\"http:\/\/varjoton.net\/rowan\/h\/mousseuxnoir.html\">Mosseux Noir<\/a> (Ch, VSN Ch, KTK-II, KERJ-I, YLA2)<br \/>\neieee. <a href=\"http:\/\/alondra.altervista.org\/hevoset\/senni.html\">Sehnsucht<\/a> (KTK-III, KRJ-III)<br \/>\neeii. <a href=\"http:\/\/alondra.altervista.org\/hevoset\/rohmu.html\">Riveron<\/a> (VIR MVA Ch, VSN Champion, KTK-II, KRJ-II)<br \/>\neeiii. <a href=\"https:\/\/web.archive.org\/web\/20200718081733\/http:\/\/armont.altervista.org\/reed-river\">Reed River<\/a> (VSN N Ch, KTK-I, KRJ-I)<br \/>\neeie. <a href=\"http:\/\/alondra.altervista.org\/hevoset\/tina.html\">Sonatina Wolf<\/a> (KRJ-II, KV-III)<br \/>\neeiei. <a href=\"http:\/\/web.archive.org\/web\/20210616065547\/https:\/\/yersinio.webs.com\/oldfinion\/h\/xylon.htm\">Xylon Skender<\/a> (VSN R Ch, KRJ-II)<br \/>\neeei. <a href=\"http:\/\/brokeback.weebly.com\/ike.html\">Brokeback Blickf\u00e4nger<\/a> (KV-II)<br \/>\neeeii. <a href=\"https:\/\/brokeback.weebly.com\/lisko.html\">Blitzkrieg<\/a> (Ch, KTK-II)<br \/>\neeeie. <a href=\"https:\/\/brokeback.weebly.com\/minni.html\">Heirate Mich<\/a> (VSN Champion, KTK-III)<br \/>\neeee. <a href=\"http:\/\/cocolove.altervista.org\/wb\/eiskaffee.php\">Brokeback Eiskaffe<\/a> (KTK-III, KV-III)<br \/>\neeeei. <a href=\"http:\/\/brokeback.weebly.com\/teppo.html\">Teetotal<\/a> (Ch, KTK-III)<br \/>\neeeee. <a href=\"https:\/\/brokeback.weebly.com\/prima.html\">Eisprinzessin<\/a> (VSN Champion, KTK-II)<br \/>\n\n\nEdinalla on pitk\u00e4 suku ja tamman taustalta l\u00f6ytyykin paljon hienoja, palkittuja kouluratsuja. Sen is\u00e4n puolelta l\u00f6ytyy nimekk\u00e4iden kasvattajien trakehnereita ja suomalaisia puoliverisi\u00e4, kun taas em\u00e4n puoli koostuu puhtaasti oldenburgeista. Is\u00e4n puolelta tulevalla tasaisuudella ja varmuudella on Edinan kohdalla selv\u00e4sti pyritty tasapainottamaan em\u00e4n herkkyytt\u00e4 ja hermostuneisuutta.&nbsp;\n\n\n<h6 style=\"color: rgb(0, 0, 0);\">J\u00e4lkel\u00e4iset<\/h6>\n\nEi viel\u00e4 j\u00e4lkel\u00e4isi\u00e4\n\n\n\n\n\n\n\n<h3>Kilpailut ja tapahtumat<\/h3>\n\n\n\n\n<p>5.11.2022 &#8211; <a href=\"https:\/\/pikselit.net\/ilvessuo\/\/t\/naytharj1.html\">Ilvessuo<\/a> &#8211; n\u00e4yttelyharjoitus <\/p>\n<p>Osallistuimme Edinan kanssa Ilvessuolla j\u00e4rjestettyyn n\u00e4yttelyharjoitukseen, jossa p\u00e4\u00e4asia oli ker\u00e4t\u00e4 kokemusta n\u00e4yttelyist\u00e4 ilman suuria paineita. Harjoittelu oli paikallaan, sill\u00e4 uusi paikka ja tapahtuman hulina hermostuttivat Edinaa selv\u00e4sti. Selv\u00e4sti harjoitteluja on viel\u00e4 syyt\u00e4 jatkaa, mutta p\u00e4\u00e4limm\u00e4isen\u00e4 tapahtumasta j\u00e4i kuitenkin Edinalle paljon hyv\u00e4\u00e4 kokemusta j\u00e4nnitt\u00e4v\u00e4st\u00e4 tilanteesta.<\/p>\n<p><em><strong>&#8221;<\/strong>Eritt\u00e4in suloinen nuori, t\u00e4n\u00e4\u00e4n valitettavan j\u00e4nnittynyt ja siksi vaikea arvostella. Rakenteellisesti hyv\u00e4ss\u00e4 kehitysvaiheessa oleva vuotias. K\u00e4ynti ja ravi molemmat todella j\u00e4nnittyneit\u00e4 ja askel siksi liian lyhyt. Liikkeet suorat. Varmasti kokemuksen karttuessa ja hermojen hellitt\u00e4ess\u00e4 lupaava varsa, t\u00e4n\u00e4\u00e4n esitys j\u00e4i j\u00e4nnitt\u00e4misen vuoksi valjuksi. Hyvin esitetty, esitt\u00e4j\u00e4ll\u00e4 hyvin k\u00e4rsiv\u00e4llisyytt\u00e4 toimia j\u00e4nnittyneen nuoren kanssa.&#8221;<\/em><br><\/p>\n\n\n\n\n\n\nEdinan seuraavana tavoitteena on osallistua varsalaatuarvosteluihin.\n\n\n<h6 style=\"color: rgb(0, 0, 0);\">Koulutustaso<\/h6>\n\nKouluratsastus:\nEsteratsastus:\nKentt\u00e4ratsastus:\n\n\n\n\n\n\n\n\n\n\n","protected":false},"excerpt":{"rendered":"","protected":false},"author":1,"featured_media":0,"parent":154,"menu_order":0,"comment_status":"closed","ping_status":"closed","template":"","meta":{"footnotes":""},"class_list":["post-163","page","type-page","status-publish","hentry"],"_links":{"self":[{"href":"https:\/\/salaovi.net\/horses\/wp-json\/wp\/v2\/pages\/163","targetHints":{"allow":["GET"]}}],"collection":[{"href":"https:\/\/salaovi.net\/horses\/wp-json\/wp\/v2\/pages"}],"about":[{"href":"https:\/\/salaovi.net\/horses\/wp-json\/wp\/v2\/types\/page"}],"author":[{"embeddable":true,"href":"https:\/\/salaovi.net\/horses\/wp-json\/wp\/v2\/users\/1"}],"replies":[{"embeddable":true,"href":"https:\/\/salaovi.net\/horses\/wp-json\/wp\/v2\/comments?post=163"}],"version-history":[{"count":29,"href":"https:\/\/salaovi.net\/horses\/wp-json\/wp\/v2\/pages\/163\/revisions"}],"predecessor-version":[{"id":266,"href":"https:\/\/salaovi.net\/horses\/wp-json\/wp\/v2\/pages\/163\/revisions\/266"}],"up":[{"embeddable":true,"href":"https:\/\/salaovi.net\/horses\/wp-json\/wp\/v2\/pages\/154"}],"wp:attachment":[{"href":"https:\/\/salaovi.net\/horses\/wp-json\/wp\/v2\/media?parent=163"}],"curies":[{"name":"wp","href":"https:\/\/api.w.org\/{rel}","templated":true}]}}