{"id":129,"date":"2022-08-05T09:52:47","date_gmt":"2022-08-05T09:52:47","guid":{"rendered":"https:\/\/salaovi.net\/horses\/?page_id=71"},"modified":"2024-08-13T12:12:15","modified_gmt":"2024-08-13T12:12:15","slug":"jb-berryboost","status":"publish","type":"page","link":"https:\/\/salaovi.net\/horses\/hevoset\/jb-berryboost\/","title":{"rendered":"JB Berryboost"},"content":{"rendered":"\n\n\n\n\n\n\n\n<h2>JB Berryboost<\/h2>\n\n<p style=\"text-align: center; color: rgb(187, 187, 187);\">virtuaalihevonen<\/p>\n<h4>berry<\/h4>\n<p style=\"text-align: center;\">\ns. 24.04.2018<br>\nsuomalainen puoliverinen<br>tamma<br>\n164cm, ruunikonkimo<\/p>\n<p\u00a0style=\"text-align: center;\"=\"\"><br>\n<\/p\u00a0style=\"text-align:>\n\n\n\n<p style=\"text-align: center;\"><span style=\"font-size:small;\">\u00a9 Elisa ja Anne L<\/span><br><\/p>\n\n\n\n\n\n\nBerry on oman arvonsa tunteva, mutta leppoinen vanha rouva, josta on vanhemmilla p\u00e4ivill\u00e4 kuoriutunut oikein kelpo opetusmestari. Berry\u00e4 on helppo k\u00e4sitell\u00e4 ja kaikki hoitotoimenpiteet sujuvat sen kanssa hyvin jouhevasti.&nbsp;\n<p>Tamma nauttii johdonmukaisesta k\u00e4sittelyst\u00e4 ja tekee juuri niin kuin ratsastaja pyyt\u00e4\u00e4 &#8211; my\u00f6s silloin, kun ratsastaja ei sit\u00e4 itse tajua. Niinp\u00e4 varsinkin kokemattomampien ratsastajien kanssa saattaa vaikuttaa silt\u00e4, ett\u00e4 Berrylle j\u00e4\u00e4 k\u00e4sijarru p\u00e4\u00e4lle.<\/p>\n<p>Berryll\u00e4 on historiaa kilparatsuna ja kisapaikan j\u00e4nnityksest\u00e4 se syttyykin edelleen. Kokenut tamma ei turhia h\u00f6tkyile, mutta kotioloihin verrattuna ratsastajan saattaa yll\u00e4tt\u00e4\u00e4 sen virittynyt olemus.&nbsp;<\/p>\n\n\n<p style=\"text-align: center;\"><a href=\"http:\/\/www.virtuaalihevoset.net\/virtuaalihevoset\/hevonen\/VH18-031-0195\">\nVH18-031-0195<\/a>, #PKK2712<br>\n<strong>Omistaja:<\/strong>&nbsp;Henna Havum\u00e4ki (VRL-12757)<br>\n<strong>\nKasvattaja:<\/strong>&nbsp;<a href=\"http:\/\/www.jarnby.piirroshevoset.com\/index.php\">J\u00e4rnby<\/a><\/p>\n\n\n\n<p style=\"text-align: center;\">Berry on satunnaisessa kilpailuk\u00e4yt\u00f6ss\u00e4<\/p>\n\n\n\n<p style=\"text-align: center;\"><a href=\"https:\/\/salaovi.net\/horses\/category\/paivakirjamerkinta\/berryn-paivakirja\/\">Berryn p\u00e4iv\u00e4kirja<\/a><\/p>\n\n\n\n<p style=\"text-align: center;\"><em>Ei viel\u00e4 palkintoja<\/em><\/p>\n\n\n\n\n\n\n\n\n\n\n\n\n<h3>SUkU<\/h3>\n\n\n<p>i. <a href=\"http:\/\/www.jarnby.piirroshevoset.com\/hevonen.php?id=210\">Moorwood Osric<\/a><br \/><span style=\"font-size:x-small;\">Fn, PP-MVA, KTK-III<\/span><\/p>\n\n\n<p>ii. <a href=\"http:\/\/nurinkurin.net\/mw\/fwb\/shazbot.php\">Shazbot<\/a><br \/><span style=\"font-size:x-small;\">VIP MVA Fn<\/span><\/p>\n<p>ie. <a href=\"http:\/\/nurinkurin.net\/mw\/fwb\/shellbinasalissia.php\">Shellbina&#8217;s Alissia<\/a><br \/>\n<span style=\"font-size:x-small;\">(Fn, PKK-V, PP-MVA-arv.)<\/span><\/p>\n\n\n\n\n<p>e. <a href=\"http:\/\/www.jarnby.piirroshevoset.com\/hevonen.php?id=329\">Airelle Rouge<\/a><br \/>\n<span style=\"font-size:x-small;\">KTK-III<\/span>\n<\/p>\n\n\n<p style=\"text-align: left;\">ei.&nbsp;<a href=\"http:\/\/lauantaimaalari.net\/ds\/h\/clarimonde.php\">Clarimonde<\/a> <br \/>\n<span style=\"font-size: x-small;\">VIP MVA Fn, PKK-V, KTK-II, KRJ-I<\/span><\/p>\n<p>ee. <a href=\"http:\/\/nurinkurin.net\/mp\/hev\/musti.php\">Myrtille Marquante<\/a><br>\n<span style=\"font-size:x-small;\">PP-MVA, PKK-V<\/span><\/p>\n\n\n\n\nBerryll\u00e4 on 2-polvinen suku, jossa esiintyy paljon rohkeutta, itsevarmuutta ja my\u00f6s hyv\u00e4\u00e4 k\u00e4sitelt\u00e4vyytt\u00e4. N\u00e4yttelyiden lis\u00e4ksi sukulaisia on n\u00e4hty my\u00f6s kilpakentill\u00e4, vaikkei suvusta l\u00f6ydyk\u00e4\u00e4n suuria kilpailutykkej\u00e4. Berry jatkaa kuitenkin hyvin tasaisten perussuorittajien jalanj\u00e4ljiss\u00e4.&nbsp;\n\n\n<h6 style=\"color: rgb(0, 0, 0);\">J\u00e4lkel\u00e4iset<\/h6>\n\n\n\nJB Cherryhuntress\nWhite Ruby\n\n\n\n\n\n\n\n\n\n\n<h3>Kilpailut ja tapahtumat<\/h3>\n\n\n\n\n\n\n<p>16.11.2022 <a href=\"https:\/\/royalgardens.boards.net\/thread\/186\/valmennus-01\">Royal Gardes<\/a> &#8211; kouluvalmennus<br \/>Valmentaja <a href=\"https:\/\/royalgardens.boards.net\/thread\/11\/kiaran-rosenberg\" target=\"_blank\" rel=\"noopener\">Kiaran Rosenberg<\/a><\/p>\n<p>Sumu oli laskeunut vuoristolta alas kartanon niskaan, mutta Kiaranin mielest\u00e4 viel\u00e4 oli hyvin n\u00e4kyvyytt\u00e4 pit\u00e4\u00e4 valmennukset ulkona yksityistallin hyvin valaistulla kent\u00e4ll\u00e4. Kiaran j\u00e4rjesti Alkubriiffin kent\u00e4ll\u00e4, jossa Loius ratsasti silm\u00e4ter\u00e4ll\u00e4\u00e4n Rizill\u00e4. Tarkoitus oli havainnollistaa ja syvent\u00e4\u00e4 vastauksia ratsukoiden esitt\u00e4miin kysymyksiin.<br \/>\nH\u00e4n oli eritt\u00e4in yll\u00e4tt\u00e4nyt, kun oli esitt\u00e4nyt kysymyksi\u00e4 valmennuksen aiheesta.<br \/>\n\u201cEi ole v\u00e4\u00e4rin sanoa, ett\u00e4 avotaivutuksessa k\u00e4\u00e4nnet\u00e4\u00e4n etuosa pois uralta. Mutta avotaivutuksessa p\u00e4\u00e4pointti on tehd\u00e4 taivutus tasaisesti koko rungosta. Liike ei pys\u00e4hdy kaulaan, lavoille tai selk\u00e4\u00e4n. Liikkeen on ment\u00e4v\u00e4 kokonaan l\u00e4pi\u201d, Kiaran selitti ja huomasi, ett\u00e4 hetkess\u00e4 useamman mielikuva avotaivutuksesta muuttui hetkess\u00e4.<br \/>\n\u201cMe emme halua vet\u00e4\u00e4 kaulaa sis\u00e4lle ja antaa takaosan pulpahtaa ulos. Siin\u00e4 vedet\u00e4\u00e4n turhaan kaulaa linkkuun ja paino on liikaa takaosalla, ettei lavat p\u00e4\u00e4se ty\u00f6skentelem\u00e4\u00e4n. Avotaivutus on ennen kaikkea kokoava liike, takaosan pit\u00e4isi h\u00e4nn\u00e4n tyvest\u00e4 laskea, hevonen ik\u00e4\u00e4n kuin istuu, ja lapojen pit\u00e4isi irtaantua sek\u00e4 kohota yl\u00f6sp\u00e4in. Sit\u00e4 on kokoaminen. Eli ei ole v\u00e4\u00e4rin ajatella, ett\u00e4 avotaivutus tuo lapoihin irtonaisuutta ja etuosan kevyeksi. Avotaivutus on ratsastuksen aspiriinia\u201d, Kiaran jatkoi selitt\u00e4mist\u00e4 ja seurasi ratsukoita haukan tarkalla katseella. Mik\u00e4\u00e4n yksityiskohta ei j\u00e4\u00e4nyt miehelt\u00e4 huomaamatta.<\/p><br \/>\n\n<p>Loius ratsasti Rizi\u00e4 pitkill\u00e4 kankiohjilla ja kapsonilla. Ori k\u00e4veli reippaasti ja pelk\u00e4st\u00e4 istunnasta ori teki pituushalkaisijalla avotaivutusta.<br \/>\n\u201cAvotaivutuksessa ei vedet\u00e4 kaulaa ulos, mutta esimerkiksi kapson ohjalla voidaan v\u00e4h\u00e4n johdattaa p\u00e4\u00e4t\u00e4 pois liikkeen suunnasta. Taivutus halutaan tasaisesti rungosta, ei pelk\u00e4st\u00e4 etuosasta. Kuten Loius nyt demoaa pituushalkaisijalla mit\u00e4 eroa on tuupata pelkk\u00e4 takaosa pois ja johdattaa kaulaa, versus taivutus tulee koko rungosta ja kaula menee pois liikkeen suunnasta ja vain etuosa siirtyy uran sis\u00e4puolelle. Hevonen pysyy helposti kolmella ja nelj\u00e4ll\u00e4 uralla ja huomaatte, ett\u00e4 ratsu hieman jo kohoaa etuosasta\u201d\n\u201cMerkeist\u00e4 sen verta, ett\u00e4 monelle on perinteisess\u00e4 muodossa opetettu ett\u00e4 ensin haetaan hyv\u00e4 asetus ja taivutus. Esimerkiksi hyv\u00e4 l\u00e4hte\u00e4 voltilta ja jatkaa sitten suoraa uraa. Ulko-ohja s\u00e4\u00e4telee asetusta, ettei kaula k\u00e4\u00e4nny liikaa ja sis\u00e4pohje pit\u00e4\u00e4 hevosen linjalla, ettei k\u00e4\u00e4nny takaisin uralle. Moni saattaa siirt\u00e4\u00e4 ulkopohkeen taakse, ettei takaosa karkaa. Mutta annetaan Loiuksen viel\u00e4 demota, ett\u00e4 liike tulee istuinluista ja omasta kehonkielest\u00e4. H\u00e4n hieman johdattaa kapson ohjalla ja sitten siirt\u00e4\u00e4 lantiota liikkeen mukaisesti. Ja n\u00e4in tekee hienon avotaivutuksen. Monesti istunta riitt\u00e4\u00e4, ett\u00e4 lopussa voidaan kokeilla toimiiko muilla. Uskon, ett\u00e4 toimii. Laitan vaikka p\u00e4\u00e4ni pantiksi. Mutta eik\u00f6h\u00e4n anneta aplodit Rizille ja Loiusille ja hyp\u00e4t\u00e4 omien ratsujen kyytiin. Ryhm\u00e4 1, olkaat hyv\u00e4t\u201d, Kiaran kiitti ja kumarsi sek\u00e4 j\u00e4i odottelemaan, ett\u00e4 ensimm\u00e4iset kolme ratsukkoa saapuvat maneesiin.<\/p><br \/>\n\n<p><i>Henna ja Berry ratsastivat ryhm\u00e4ss\u00e4 2.<\/i><\/p><br \/>\n\n<p>Ryhm\u00e4 2. oli selkeesti team isot hevoset, kun valkea iso puoliveritamma ravasi tumman ja tulisen puoliveritamman varjossa. Kimo ravasi korvat h\u00f6r\u00f6ss\u00e4 v\u00e4h\u00e4t v\u00e4litt\u00e4en, jos muut k\u00e4vi kierroksilla. Berry teki ty\u00f6t\u00e4 pyydetty\u00e4 ilman suurempia mutinoita.\n\u201cHieno tamma, tyyni ja rauhallinen\u201d, Kiaran kehui ja l\u00e4hestyi ratsukkoa varovaisesti. Henna siirsi tamman k\u00e4yntiin ja Kiaran silm\u00e4ili kimoa. Tamma liikkui rennosti p\u00e4\u00e4 ny\u00f6kkien eteen.<br \/>\n\u201cTuossa on hyv\u00e4 ja rento muoto. Selke\u00e4 hypp\u00e4\u00e4j\u00e4\u201d, Kiaran tokaisi ja antoi ratsukolle luvan n\u00e4ytt\u00e4\u00e4 avotaivutusta voltin kautta.\n\u201cEtuosa siirtyy hyvin ja paino pysyy koko ajan takajaloilla, kuten n\u00e4et tamma v\u00e4h\u00e4n nousee lavoista kootumpaan muotoon ja taivutus tulee hyvin koko kropan l\u00e4pi. Pelkk\u00e4 p\u00e4\u00e4 ei k\u00e4\u00e4nnyt tai lavat. Avotaivutuksen tarkoitus on toimia kokoavana liikkeen\u00e4 ja sit\u00e4 voi hy\u00f6dynt\u00e4\u00e4 esteratsastuksessa, yht\u00e4 hyvin miss\u00e4 tahansa lajissa. Ratsastuksen aspiriinia, kun etuosa kevenee ja tuo lapoihin enemm\u00e4n liikett\u00e4 sek\u00e4 p\u00e4\u00e4see hieman kootummaksi\u201d, Kiaran kertoi ja seurasi ratsukon edistymist\u00e4. Berry otti liikaa tukea sein\u00e4st\u00e4, ett\u00e4 takaosa valahti pariin otteeseen. Henna sai olla tarkkana ulkopohkeen kanssa ja ettei anna sis\u00e4ohjaa tai pohjetta liikaa. Kun tamma tuli hieman suoremmaksi, edistyi avotaivutukset k\u00e4ynniss\u00e4. Ravissa piti ottaa voltin kautta muutaman askeleen verran kerralla, kun takaosa tykk\u00e4si valua kent\u00e4n aitaan kiinni.<\/p><br \/>\n\n<p>Pituushalkaisijalla ja ympyr\u00e4ll\u00e4 oli sama, ett\u00e4 tamman takaosa tahtoi valua pois tai taivutusta tuli liikaa, ettei ollut en\u00e4\u00e4 avotaivutusta. Henna sai hieman liioitellusti ottaa ulkopohjetta taakse, ett\u00e4 takaosa pysyi paikoillaan ja pelkk\u00e4 etuosa siirtyi sis\u00e4lle. Muutaman hyv\u00e4n toiston j\u00e4lkeen k\u00e4ynniss\u00e4, otettiin ravissa ja my\u00f6hemmin laukassa.\n\u201cSill\u00e4 on sellainen estehevosen laukka. Sis\u00e4jalka on kokoajan valmis ponnistamaan yl\u00f6s. Anna v\u00e4h\u00e4n enemm\u00e4n sis\u00e4ohjaa, ett\u00e4 laukka pysyy rullaavana. Ja jos silt\u00e4 tuntuu voi pident\u00e4\u00e4 ohjaa. Avotaivutuksessa k\u00e4\u00e4nn\u00e4 lantiota enemm\u00e4n liikkeen mukaisesti sis\u00e4\u00e4n. Berry todenn\u00e4k\u00f6isesti mukautuu ja avotaivutus pysyy hillittyn\u00e4\u201d, Kiaran kertoi ja seurasi tarkasti ratsukon etenemist\u00e4. Berry kohosi edest\u00e4 ja liikkui hyvin yl\u00e4m\u00e4keen laukassa. Laukka oli todella rullaavaa ja muutaman kerran suoralla uralla Henna kokeili avotaivutusta.<br \/>\n\u201cPy\u00f6rist\u00e4 alaselk\u00e4\u00e4 ja nojaa v\u00e4h\u00e4n enemm\u00e4n taakse. Nyt ei hyp\u00e4t\u00e4. Pid\u00e4 sis\u00e4jalka l\u00e4hell\u00e4 ja k\u00e4\u00e4nn\u00e4 lantiosta\u201d, Kiaran neuvoi ja muutaman hienon avotaivutuksen j\u00e4lkeen Henna sai antaa pitk\u00e4t ohjat.<\/p><br \/>\n\n\n\n\n\n\n\n\n<p>Power Jumpiin osallistuminen oli ollut pitk\u00e4aikainen haave, joka toteutui vihdoin t\u00e4ll\u00e4 kaudella Berryn kanssa. Varmaan v\u00e4h\u00e4n klisee sanoa, mutta kilpailuihin l\u00e4hdettiin ilman mit\u00e4\u00e4n suurempia odotuksia vain hankkimaan kokemusta ja nauttimaan tunnelmasta esteratsastuksen suurimpien nimien rinnalla. Lauantain mukava menestys toi paikan my\u00f6s sunnuntain arvoluokkaan, jossa suoritus oli varma, mutta hitaanpuoleinen. Kovatasoisessa kilpailussa nollaratoja n\u00e4htiin monta, joten enimm\u00e4isajan ylityksest\u00e4 otetut virhepisteet k\u00e4viv\u00e4t kalliiksi.&nbsp;<\/p>\n<p>30.7.2022 &#8211; <a href=\"http:\/\/roolipeli.com\/PowerJump22\/Tulospalvelu.html\">Cloudfield<\/a> Esteratsastus &#8211; Prix de Ruusuputiikki (kuvatuotosluokka) 130cm &#8211; 10\/19 (3+\/3+\/3+)<\/p>\n<p style=\"color: rgb(0, 0, 0); font-family: lora; line-height: 1.7;\"><a href=\"http:\/\/roolipeli.com\/PowerJump22\/Berryboost.png\" style=\"color: rgb(107, 137, 150);\"><img decoding=\"async\" src=\"http:\/\/roolipeli.com\/PowerJump22\/Berryboost.png\" class=\"galleria\" style=\"border-radius: 6px; border: 1px solid rgb(107, 137, 150); max-width: 100%; height: 300px; float: left; margin-right: 15px;\"><\/a><\/p><p style=\"color: rgb(0, 0, 0); font-family: lora; text-align: justify; line-height: 1.7;\">&#8221;&#8230; ja kun Berry l\u00e4hti ponnistamaan sen sarjan viimeisen esteen yli m\u00e4 rukoilin mieless\u00e4ni kaikkea mahdollista ja mahdotonta, ett\u00e4 me selvitt\u00e4is siit\u00e4. Sit\u00e4 hyppy\u00e4 varten planeettojen t\u00e4ytyi olla kohdallaan.&#8221;<\/p><p style=\"color: rgb(0, 0, 0); font-family: lora; text-align: justify; line-height: 1.7;\"><em style=\"color: rgb(136, 136, 136);\">&#8221;Hurja, jopa abstrakti ty\u00f6 vie katseen heti ensimm\u00e4isen\u00e4 planeettoihin! Piirrosty\u00f6h\u00f6n kaipaisin samaa tarkkuutta kuin taustassa.&#8221;<\/em><\/p><p style=\"color: rgb(0, 0, 0); font-family: lora; text-align: justify; line-height: 1.7;\"><em style=\"color: rgb(136, 136, 136);\">&#8221;Vau, t\u00e4m\u00e4 ty\u00f6 tarjoilee katsojalleen paljon. Symboliikkaa huokuva taivastausta, yksityiskohtaisesti ty\u00f6stetty yleis\u00f6 ja intensiivinen kuvakulma ratsukosta pys\u00e4ytt\u00e4v\u00e4t t\u00e4m\u00e4n kuvan \u00e4\u00e4reen pidemm\u00e4ksikin aikaa. Yleis\u00f6 el\u00e4\u00e4 ihan todella t\u00e4m\u00e4n ratsukon suorituksen mukana, ja p\u00e4\u00e4m\u00e4\u00e4r\u00e4tietoista meno onkin. Power Jump 2022 -kyltin sijoittelu PJ-logoineen on mielest\u00e4ni hyvin onnistunut. se solahtaa katsomoon luontevasti. Pienen\u00e4 huomiona on kehuttava hevosen silmi\u00e4: ne ovat todella kauniit!&#8221;<\/em><\/p><p style=\"color: rgb(0, 0, 0); font-family: lora; text-align: justify; line-height: 1.7;\"><em style=\"color: rgb(136, 136, 136);\">&#8221;Planeetat olivat selke\u00e4sti kohdillaan! Hienosti toteutettu vaikea kuvakulma. Kivaa panostusta my\u00f6s yleis\u00f6\u00f6n.&#8221;<\/em><\/p><p style=\"color: rgb(0, 0, 0); font-family: lora; text-align: justify; line-height: 1.7;\"><em style=\"color: rgb(136, 136, 136);\">&#8221;Hieno sarjakuvamainen tyyli, jossa on k\u00e4ytetty kivasti kirkkaita v\u00e4rej\u00e4.&#8221;<\/em><\/p><p style=\"color: rgb(0, 0, 0); font-family: lora; text-align: justify; line-height: 1.7;\"><em style=\"color: rgb(136, 136, 136);\">&#8221;J\u00e4nnitt\u00e4v\u00e4 taustatarinana toimiva saateteksti, joka antaa raamit itse kuvaty\u00f6lle. Pilvist\u00e4 muodostuva pegasos on hauska yksityiskohta ja planeettojen lis\u00e4ksi palvelee teema-aihetta. T\u00e4ss\u00e4 kuvassa on vahvaa symboliikkaa ja mystiikkaa. Katsojien ilmeet ovat hauskoja ja niit\u00e4 j\u00e4\u00e4 pitk\u00e4ksi aikaa tutkimaan!&#8221;<\/em><\/p>\n\n<p>31.7.2022 &#8211;&nbsp;<a href=\"http:\/\/roolipeli.com\/PowerJump22\/Tulospalvelu.html\" style=\"background-color: rgb(255, 255, 255);\">CLOUDFIELD<\/a>&nbsp;Esteratsastus &#8211; PJ Arvoluokka 130cm &#8211; 46\/80 (3 vp 73.830 s)<br><\/p>\n\n\n\n\n\n\n<p>Sommersolverv 2022 Norjassa alkoi Berryn kanssa lupaavasti. Ensimm\u00e4isen p\u00e4iv\u00e4n kouluratsastus ja toisen p\u00e4iv\u00e4n rataesteet olivat tasaista suorittamista. Vaikka aivan sijoituksille asti ei ylletyk\u00e4\u00e4n, niin kokonaistilanne kentt\u00e4rankingissa n\u00e4ytti hyv\u00e4lt\u00e4 ja maastoesteille startattiin rankingin ykk\u00f6ssijalta. Valitettavasti maastoesteet p\u00e4\u00e4ttyiv\u00e4t lopulta satulasta suistumiseen ratsastajan oman virheen takia ja lopputuloksena muuten hienosti menneist\u00e4 kilpailuista oli hyl\u00e4tty tulos maastoesteill\u00e4 ja siten my\u00f6s kentt\u00e4rankingissa.&nbsp;<\/p>\n<p>8.7.2022 &#8211; <a href=\"https:\/\/hiirenkolo.net\/ssv\/2022\/tulokset.php?p=koulu&amp;luokka=valmis\">Brynhild<\/a> Kouluratsastus &#8211; Helppo B &#8211; 14\/55 (66,615 %)<\/p>\n<p>9.7.2022 &#8211; <a href=\"https:\/\/hiirenkolo.net\/ssv\/2022\/tulokset.php?p=este&amp;luokka=valmis\">Shelyes<\/a>&nbsp;Esteratsastus &#8211; 90-100cm &#8211; 11\/47 (4 vp \u2013 69,11 s)<\/p>\n<p>10.7.2022 &#8211;&nbsp;<a href=\"https:\/\/hiirenkolo.net\/ssv\/2022\/tulokset.php?p=maastoeste&amp;luokka=valmis\">Brynhild<\/a>&nbsp;Maastoesteet &#8211; 90-95cm &#8211; hyl\u00e4tty<\/p>\n\n\n\n\n\n\n<p>10.06.2018 &#8211;&nbsp;<a href=\"http:\/\/seppele.proboards.com\/thread\/3022\/10-2018-pkk-yttelyt-riluokat\">Seppele<\/a>&nbsp;N\u00e4yttelyt (PKK) &#8211; 4. Rakenne: Kimot &#8211; HY<br><\/p>\n\n\n\n\n\n\nBerry on satunnaisessa kilpailuk\u00e4yt\u00f6ss\u00e4 ja tamman kanssa pyrit\u00e4\u00e4n kilpailemaan erityisesti tuotoskilpailuissa ja muissa erityisiss\u00e4 tapahtumissa. Berry on kilpaillut porrastetuissa kilpailuissa maksimitasolleen.\n\n\n<h6 style=\"color: rgb(0, 0, 0);\">Koulutustaso<\/h6>\n\nKouluratsastus: Prix St. Georges\nEsteratsastus: 130cm\nKentt\u00e4ratsastus: CIC1\n\n<p><a href=\"http:\/\/virtuaalihevoset.net\/virtuaalihevoset\/hevonen\/VH18-031-0195\/porrastetut\">Ominaisuuspisteet ja tasot VRL:ssa<\/a><\/p>\n\n\n\n\n\n\n<h3>Kuvagalleria<\/h3>\n\n\n\n\n\n\n\n","protected":false},"excerpt":{"rendered":"","protected":false},"author":1,"featured_media":0,"parent":154,"menu_order":0,"comment_status":"closed","ping_status":"closed","template":"","meta":{"footnotes":""},"class_list":["post-129","page","type-page","status-publish","hentry"],"_links":{"self":[{"href":"https:\/\/salaovi.net\/horses\/wp-json\/wp\/v2\/pages\/129","targetHints":{"allow":["GET"]}}],"collection":[{"href":"https:\/\/salaovi.net\/horses\/wp-json\/wp\/v2\/pages"}],"about":[{"href":"https:\/\/salaovi.net\/horses\/wp-json\/wp\/v2\/types\/page"}],"author":[{"embeddable":true,"href":"https:\/\/salaovi.net\/horses\/wp-json\/wp\/v2\/users\/1"}],"replies":[{"embeddable":true,"href":"https:\/\/salaovi.net\/horses\/wp-json\/wp\/v2\/comments?post=129"}],"version-history":[{"count":17,"href":"https:\/\/salaovi.net\/horses\/wp-json\/wp\/v2\/pages\/129\/revisions"}],"predecessor-version":[{"id":243,"href":"https:\/\/salaovi.net\/horses\/wp-json\/wp\/v2\/pages\/129\/revisions\/243"}],"up":[{"embeddable":true,"href":"https:\/\/salaovi.net\/horses\/wp-json\/wp\/v2\/pages\/154"}],"wp:attachment":[{"href":"https:\/\/salaovi.net\/horses\/wp-json\/wp\/v2\/media?parent=129"}],"curies":[{"name":"wp","href":"https:\/\/api.w.org\/{rel}","templated":true}]}}